{"id":135,"date":"2015-01-05T20:47:27","date_gmt":"2015-01-05T18:47:27","guid":{"rendered":"http:\/\/www.itukylat.fi\/hinthaara\/?page_id=135"},"modified":"2016-03-06T16:33:36","modified_gmt":"2016-03-06T14:33:36","slug":"lage","status":"publish","type":"page","link":"https:\/\/www.hinthaara.fi\/sv\/lage\/","title":{"rendered":"L\u00e4ge"},"content":{"rendered":"<p>Hindh\u00e5r ligger ca 13\u00a0kilometer v\u00e4sterut fr\u00e5n Borg\u00e5 in med den Kungsv\u00e4gen (v\u00e4g nummer 1531).<\/p>\n<p>Med egen bil \u00e4r det en knapp timme (48 km) till Helsingfors och 15 minuter (13 km) till s\u00e5v\u00e4l Borg\u00e5 som\u00a0Sibbo\/Nickby och till Borg\u00e5. <a href=\"http:\/\/aikataulut.reittiopas.fi\/linjat\/fi\/s788.html\" target=\"_blank\">HRT, linje 788<\/a><\/p>\n<p>P\u00e5 dagen g\u00e5r det l\u00e4tt att \u00e5ka buss i synnerhet till Borg\u00e5 eftersom s\u00e5v\u00e4l Borgn\u00e4s som Sibbo-Helsingfors bussarna g\u00e5r genom byn. Det finns direkta f\u00f6rbindelser per buss till Helsingfors.\u00a0Busstidtabeller: (lis\u00e4\u00e4 HSL:n linkki)<\/p>\n<p>Sommartid kan man ocks\u00e5 ta r\u00e4lsbuss fr\u00e5n Kervo och Borg\u00e5.<br \/>\n<a href=\"http:\/\/www.porvoonmuseorautatie.fi\/\" target=\"_blank\">Tidtabeller<\/a><\/p>\n","protected":false},"excerpt":{"rendered":"<p>Hindh\u00e5r ligger ca 13\u00a0kilometer v\u00e4sterut fr\u00e5n Borg\u00e5 in med den Kungsv\u00e4gen (v\u00e4g nummer 1531). Med egen bil \u00e4r det en knapp timme (48 km) till Helsingfors och 15 minuter (13 km) till s\u00e5v\u00e4l Borg\u00e5 som\u00a0Sibbo\/Nickby och till Borg\u00e5. HRT, linje 788 P\u00e5 dagen g\u00e5r det l\u00e4tt att \u00e5ka buss i synnerhet till Borg\u00e5 eftersom s\u00e5v\u00e4l [&hellip;]<\/p>\n","protected":false},"author":33,"featured_media":0,"parent":0,"menu_order":0,"comment_status":"closed","ping_status":"closed","template":"","meta":{"footnotes":""},"class_list":["post-135","page","type-page","status-publish","hentry"],"_links":{"self":[{"href":"https:\/\/www.hinthaara.fi\/sv\/wp-json\/wp\/v2\/pages\/135","targetHints":{"allow":["GET"]}}],"collection":[{"href":"https:\/\/www.hinthaara.fi\/sv\/wp-json\/wp\/v2\/pages"}],"about":[{"href":"https:\/\/www.hinthaara.fi\/sv\/wp-json\/wp\/v2\/types\/page"}],"author":[{"embeddable":true,"href":"https:\/\/www.hinthaara.fi\/sv\/wp-json\/wp\/v2\/users\/33"}],"replies":[{"embeddable":true,"href":"https:\/\/www.hinthaara.fi\/sv\/wp-json\/wp\/v2\/comments?post=135"}],"version-history":[{"count":3,"href":"https:\/\/www.hinthaara.fi\/sv\/wp-json\/wp\/v2\/pages\/135\/revisions"}],"predecessor-version":[{"id":743,"href":"https:\/\/www.hinthaara.fi\/sv\/wp-json\/wp\/v2\/pages\/135\/revisions\/743"}],"wp:attachment":[{"href":"https:\/\/www.hinthaara.fi\/sv\/wp-json\/wp\/v2\/media?parent=135"}],"curies":[{"name":"wp","href":"https:\/\/api.w.org\/{rel}","templated":true}]}}