{"id":159,"date":"2014-06-09T23:31:03","date_gmt":"2014-06-09T20:31:03","guid":{"rendered":"http:\/\/www.itukylat.fi\/hinthaara\/?page_id=159"},"modified":"2015-01-14T23:04:30","modified_gmt":"2015-01-14T21:04:30","slug":"historia","status":"publish","type":"page","link":"https:\/\/www.hinthaara.fi\/sv\/historia\/","title":{"rendered":"Historia"},"content":{"rendered":"<p>Ursprunget till namnet Hindh\u00e5r betyder p\u00e4lsen av ett hon-\u00e4lgdjur (hind=\u00e4lgdjur utan horn).<\/p>\n<p>Historian, om namnets ursprung, handlar om ett par vikingar som under sin f\u00e4rd l\u00e4ngs Svarts\u00e5 skr\u00e4mde upp ett \u00e4lgdjur som drack vid \u00e5n. Djuret l\u00e4mnade efter sig en tofs i barken p\u00e5 ett tr\u00e4d, och d\u00e4rav fick orten namnet Hindh\u00e5r. I finskspr\u00e5kigt bruk har namnet under tidens g\u00e5ng vr\u00e4ngts till Hinthaara, och som officiellt finskspr\u00e5kigt namn fastst\u00e4lldes det \u00e5r 1977.<\/p>\n<div id=\"attachment_326\" style=\"width: 410px\" class=\"wp-caption alignleft\"><a href=\"https:\/\/www.hinthaara.fi\/wp-content\/uploads\/sites\/28\/2014\/06\/Historia-Vasarakirves-kuva-sv.jpg\"><img loading=\"lazy\" decoding=\"async\" aria-describedby=\"caption-attachment-326\" class=\"size-full wp-image-326\" src=\"https:\/\/www.hinthaara.fi\/wp-content\/uploads\/sites\/28\/2014\/06\/Historia-Vasarakirves-kuva-sv.jpg\" alt=\"Hammaryxa ung. 2500-2100fKr. funnen i samband med gr\u00e4vningen av ett dike vid markerna kring Hindh\u00e5r g\u00e5rd.\" width=\"400\" height=\"175\" srcset=\"https:\/\/www.hinthaara.fi\/wp-content\/uploads\/sites\/28\/2014\/06\/Historia-Vasarakirves-kuva-sv.jpg 400w, https:\/\/www.hinthaara.fi\/wp-content\/uploads\/sites\/28\/2014\/06\/Historia-Vasarakirves-kuva-sv-300x131.jpg 300w\" sizes=\"auto, (max-width: 400px) 100vw, 400px\" \/><\/a><p id=\"caption-attachment-326\" class=\"wp-caption-text\">Hammaryxa ung. 2500-2100fKr. funnen i samband med gr\u00e4vningen av ett dike vid markerna kring Hindh\u00e5r g\u00e5rd.<\/p><\/div>\n<p>Bevisligen har det dock funnits bos\u00e4ttning i omr\u00e5det redan f\u00f6re vikingarna. Fr\u00e5n trakter kring Hindh\u00e5r g\u00e5rd har man funnit en hammaryxa vars ursprung ber\u00e4knas till 2500-2100fKr. P\u00e5 \u00e5krarna kring grannbyn Andersb\u00f6le har upphittats en yxa fr\u00e5n brons\u00e5ldern ca 500-800fKr samt n\u00e5gra andra sten\u00e5ldersf\u00f6rem\u00e5l som tyder p\u00e5 en fast bos\u00e4ttning. Trakten var mestadels kustomr\u00e5de, eftersom vattnets niv\u00e5 p\u00e5 den tiden var 10-14 meter h\u00f6gre. Klimatets nedkylning under j\u00e4rn\u00e5ldern 500fKr-400eKr f\u00f6rsv\u00e5rade antagligen jordbruket till den grad att det n\u00e4rap\u00e5 saknas tecken av bos\u00e4ttning fr\u00e5n denna tid.<\/p>\n<p>Trakterna kring Borg\u00e5, och d\u00e4rmed ocks\u00e5 Hindh\u00e5r, anv\u00e4ndes som hamn av de svenska vikingarna under deras f\u00e4rder \u00f6sterut och tillbaka.<\/p>\n<p>Ungef\u00e4r hundra \u00e5r efter vikingarna andv\u00e4nde Birger Jarl ben\u00e4mningen Portus Tavastorum om omr\u00e5det. Namnet h\u00e4nf\u00f6r sej till Tavastl\u00e4nningarna som r\u00f6rde sej i trakten. Det tidigaste dokumentet med ortnamnet Hindh\u00e5r \u00e4r fr\u00e5n 1382.<\/p>\n<p>Under 1600-talet, d\u00e5 torparev\u00e4sendet utvecklades, hamnade Hindh\u00e5r under R\u00e4lssens, dvs. adelns herrav\u00e4lde. R\u00e4lssg\u00e5rdar som verkade i Hindh\u00e5r var f\u00f6rutom Hindh\u00e5r g\u00e5rd, den av den Adlercreutzska sl\u00e4kten \u00e4gda Boe g\u00e5rd och Kortisbacka.<\/p>\n<p>Under de svenska stormakts\u00e4ventyren f\u00f6ll Borg\u00e5 ofta i fiendens h\u00e4nder, i striderna mot ryssar och \u00e4ven danskar.<\/p>\n<div id=\"attachment_26\" style=\"width: 410px\" class=\"wp-caption alignright\"><a href=\"https:\/\/www.hinthaara.fi\/wp-content\/uploads\/sites\/28\/2014\/06\/Isokoulu_1920.jpg\"><img loading=\"lazy\" decoding=\"async\" aria-describedby=\"caption-attachment-26\" class=\"size-full wp-image-26\" src=\"https:\/\/www.hinthaara.fi\/wp-content\/uploads\/sites\/28\/2014\/06\/Isokoulu_1920.jpg\" alt=\"Storskolan 1920\" width=\"400\" height=\"256\" srcset=\"https:\/\/www.hinthaara.fi\/wp-content\/uploads\/sites\/28\/2014\/06\/Isokoulu_1920.jpg 400w, https:\/\/www.hinthaara.fi\/wp-content\/uploads\/sites\/28\/2014\/06\/Isokoulu_1920-300x192.jpg 300w\" sizes=\"auto, (max-width: 400px) 100vw, 400px\" \/><\/a><p id=\"caption-attachment-26\" class=\"wp-caption-text\">Storskolan 1920<\/p><\/div>\n<p>Trakterna runt farlederna, s\u00e5 som Hindh\u00e5rs bos\u00e4ttning och g\u00e5rdar led av bes\u00f6karna. Under Stora ofreden i b\u00f6rjan av 1700-talet avfolkades Hindh\u00e5r och Kortisbacka g\u00e5rdar.<\/p>\n<p>Till f\u00f6ljd av byggandet av j\u00e4rnv\u00e4gen blev Hindh\u00e5r station viktig f\u00f6r de omgivande byarna och f\u00f6r en del av Borgn\u00e4s socken. Och n\u00e4r det grundades en l\u00e4derfabrik och ett mejeri, blev byn till ett i b\u00f6rjan av 1900-talet typiskt stations- och fabrikssamh\u00e4lle med sina butiker och skolor. Genom uppdelningen av Hindh\u00e5r g\u00e5rds marker p\u00e5 1920-talet utvecklades omr\u00e5det till en typisk sm\u00e5odlingstrakt.<\/p>\n<p>I b\u00f6rjan av sj\u00e4lvst\u00e4ndighetstiden var det stridigheter \u00e4ven i n\u00e4rheten av Hindh\u00e5r, n\u00e4r de r\u00f6da gick i anfall mot<\/p>\n<div id=\"attachment_29\" style=\"width: 410px\" class=\"wp-caption alignright\"><a href=\"https:\/\/www.hinthaara.fi\/wp-content\/uploads\/sites\/28\/2014\/06\/Pikkukoulu1920.jpg\"><img loading=\"lazy\" decoding=\"async\" aria-describedby=\"caption-attachment-29\" class=\"size-full wp-image-29\" src=\"https:\/\/www.hinthaara.fi\/wp-content\/uploads\/sites\/28\/2014\/06\/Pikkukoulu1920.jpg\" alt=\"Svenskspr\u00e5kig folkskola 1920\" width=\"400\" height=\"244\" srcset=\"https:\/\/www.hinthaara.fi\/wp-content\/uploads\/sites\/28\/2014\/06\/Pikkukoulu1920.jpg 400w, https:\/\/www.hinthaara.fi\/wp-content\/uploads\/sites\/28\/2014\/06\/Pikkukoulu1920-300x183.jpg 300w\" sizes=\"auto, (max-width: 400px) 100vw, 400px\" \/><\/a><p id=\"caption-attachment-29\" class=\"wp-caption-text\">Svenskspr\u00e5kig folkskola 1920<\/p><\/div>\n<p>Borg\u00e5 fr\u00e5n Helsingfors och de vita f\u00f6rsvarade sig. Viktiga sabotagem\u00e5l var j\u00e4rnv\u00e4gen till Borg\u00e5 via Hindh\u00e5r och Bolla bro som laddades med spr\u00e4ng\u00e4mnen, men aldrig spr\u00e4ngdes. I b\u00f6rjan av februari 1918 er\u00f6vrade de r\u00f6da Borg\u00e5 och dess socknar, men n\u00e5gra m\u00e5nader senare avslutade de vita inb\u00f6rdeskriget med hj\u00e4lp av i Lovisa och Hang\u00f6 landstigna tyskar.<\/p>\n<p>F\u00f6ljande g\u00e5ng marscherade man i Hindh\u00e5r n\u00e4r det sj\u00e4lvst\u00e4ndiga Finlands regering s\u00e4nde soldatstyrkor till omr\u00e5det f\u00f6r att sl\u00e5 ned M\u00e4nts\u00e4l\u00e4-upproret i b\u00f6rjan av 1930-talet. Trupperna inkvarterades i Hindh\u00e5rs skolor och det var meningen att de skulle marschera till M\u00e4nts\u00e4l\u00e4 genom Borgn\u00e4s och tillsammans med de fr\u00e5n Borg\u00e5 anl\u00e4ndande trupperna avsp\u00e4rra rebellerna. Men efter president Svinhuvuds allvarligt betonade radiotal lade dock st\u00f6rsta delen av rebellerna ned sina vapen och de i Hindh\u00e5r bel\u00e4gna trupperna kunde \u00e5terv\u00e4nda till sina kaserner<\/p>\n<p>Efter vinterkriget kom de f\u00f6rsta evakuerade Karelarna till Borg\u00e5. Till Hindh\u00e5r anl\u00e4nde familjen Lundberg fr\u00e5n<\/p>\n<div id=\"attachment_28\" style=\"width: 410px\" class=\"wp-caption alignright\"><a href=\"https:\/\/www.hinthaara.fi\/wp-content\/uploads\/sites\/28\/2014\/06\/orjalaa.jpg\"><img loading=\"lazy\" decoding=\"async\" aria-describedby=\"caption-attachment-28\" class=\"size-full wp-image-28\" src=\"https:\/\/www.hinthaara.fi\/wp-content\/uploads\/sites\/28\/2014\/06\/orjalaa.jpg\" alt=\"Hindh\u00e5rs f\u00f6rsta finskspr\u00e5kiga skola 1922. Senare bostadshus f\u00f6r arbetarna i l\u00e4derfabriken.\" width=\"400\" height=\"399\" srcset=\"https:\/\/www.hinthaara.fi\/wp-content\/uploads\/sites\/28\/2014\/06\/orjalaa.jpg 400w, https:\/\/www.hinthaara.fi\/wp-content\/uploads\/sites\/28\/2014\/06\/orjalaa-150x150.jpg 150w, https:\/\/www.hinthaara.fi\/wp-content\/uploads\/sites\/28\/2014\/06\/orjalaa-300x300.jpg 300w, https:\/\/www.hinthaara.fi\/wp-content\/uploads\/sites\/28\/2014\/06\/orjalaa-50x50.jpg 50w\" sizes=\"auto, (max-width: 400px) 100vw, 400px\" \/><\/a><p id=\"caption-attachment-28\" class=\"wp-caption-text\">Hindh\u00e5rs f\u00f6rsta finskspr\u00e5kiga skola 1922. Senare bostadshus f\u00f6r arbetarna i l\u00e4derfabriken.<\/p><\/div>\n<p>Urais. Fru Fanny Rask f\u00f6reslog att Borg\u00e5bladet skulle ordna en penninginsamling, s\u00e5 att Karelarfamiljen fick k\u00f6pa sej ett svin att slakta till jul. F\u00f6rslaget, framf\u00f6rt i koseriform, fick \u00f6verraskande respons och medlen str\u00f6mmade in till den grad att familjen kunde k\u00f6pa sej b\u00e5de gris, h\u00e4st, ko och tillslut ett helt hus. Fanny Rask donerade en tomt d\u00e4r huset byggdes. Inflyttningsfesten h\u00f6lls 1940..<\/p>\n<p>Under forts\u00e4ttningskriget 1941-1944 grundads i trakten kring Borg\u00e5 tre luftv\u00e4rnskompanier, varav en placerades i Hindh\u00e5r. Luftv\u00e4rnkompaniets manskap bestod av b\u00e5de unga \u00e4ldre m\u00e4n som inte blivit uttagna till tj\u00e4nstg\u00f6ring vid fronten. Deras uppgift var att beskydda omr\u00e5dets landsv\u00e4gs- och j\u00e4rnv\u00e4gsbroar f\u00f6r ryska desanter. Trots det lyckades ryssarna minera j\u00e4rnv\u00e4gen i Hindh\u00e5r sommaren 1941. Banvakten m\u00e4rkte dock f\u00e4llan f\u00f6re trupptransport-t\u00e5gets ankomst och hann stoppa t\u00e5get.<\/p>\n<div id=\"attachment_25\" style=\"width: 410px\" class=\"wp-caption alignleft\"><a href=\"https:\/\/www.hinthaara.fi\/wp-content\/uploads\/sites\/28\/2014\/06\/HinthaaranIS-kompania.jpg\"><img loading=\"lazy\" decoding=\"async\" aria-describedby=\"caption-attachment-25\" class=\"size-full wp-image-25\" src=\"https:\/\/www.hinthaara.fi\/wp-content\/uploads\/sites\/28\/2014\/06\/HinthaaranIS-kompania.jpg\" alt=\"Hindh\u00e5rs luftv\u00e4rnskompani vid hemsysterskolan sommaren 1941.\" width=\"400\" height=\"268\" srcset=\"https:\/\/www.hinthaara.fi\/wp-content\/uploads\/sites\/28\/2014\/06\/HinthaaranIS-kompania.jpg 400w, https:\/\/www.hinthaara.fi\/wp-content\/uploads\/sites\/28\/2014\/06\/HinthaaranIS-kompania-300x201.jpg 300w\" sizes=\"auto, (max-width: 400px) 100vw, 400px\" \/><\/a><p id=\"caption-attachment-25\" class=\"wp-caption-text\">Hindh\u00e5rs luftv\u00e4rnskompani vid hemsysterskolan sommaren 1941.<\/p><\/div>\n<p>Efter kriget anl\u00e4nde det fler evakuerade fr\u00e5n Karelen till Borg\u00e5 och till Hindh\u00e5r \u00e4ven folk som f\u00f6rflyttats fr\u00e5n de \u00f6verl\u00e5tna omr\u00e5dena i Hang\u00f6. Till en b\u00f6rjan placerades de i Hindh\u00e5r hemsysterskola p\u00e5 Hindh\u00e5r g\u00e5rd.<\/p>\n<p>P\u00e5 1960-talet b\u00f6rjade man p\u00e5 allvar diskutera en sammanslagning av Borg\u00e5 stad och landskommun. P\u00e5 landskommunen fanns det dock ingen vilja till n\u00e5got dylikt f\u00f6r\u00e4n p\u00e5 1990-talet. 1.1.1997 ansl\u00f6ts Borg\u00e5 landskommun till Borg\u00e5 stad och \u00e4ven Hindh\u00e5r en del av staden.<br \/>\n&#8212;&#8212;&#8212;&#8211;<\/p>\n<p>Om du har fotografier och lokalber\u00e4ttelser anknytna till byn, kan du skicka dem till adressen: hinthaarankyla@gmail.com<\/p>\n","protected":false},"excerpt":{"rendered":"<p>Ursprunget till namnet Hindh\u00e5r betyder p\u00e4lsen av ett hon-\u00e4lgdjur (hind=\u00e4lgdjur utan horn). Historian, om namnets ursprung, handlar om ett par vikingar som under sin f\u00e4rd l\u00e4ngs Svarts\u00e5 skr\u00e4mde upp ett \u00e4lgdjur som drack vid \u00e5n. Djuret l\u00e4mnade efter sig en tofs i barken p\u00e5 ett tr\u00e4d, och d\u00e4rav fick orten namnet Hindh\u00e5r. I finskspr\u00e5kigt bruk [&hellip;]<\/p>\n","protected":false},"author":23,"featured_media":0,"parent":0,"menu_order":0,"comment_status":"closed","ping_status":"closed","template":"","meta":{"footnotes":""},"class_list":["post-159","page","type-page","status-publish","hentry"],"_links":{"self":[{"href":"https:\/\/www.hinthaara.fi\/sv\/wp-json\/wp\/v2\/pages\/159","targetHints":{"allow":["GET"]}}],"collection":[{"href":"https:\/\/www.hinthaara.fi\/sv\/wp-json\/wp\/v2\/pages"}],"about":[{"href":"https:\/\/www.hinthaara.fi\/sv\/wp-json\/wp\/v2\/types\/page"}],"author":[{"embeddable":true,"href":"https:\/\/www.hinthaara.fi\/sv\/wp-json\/wp\/v2\/users\/23"}],"replies":[{"embeddable":true,"href":"https:\/\/www.hinthaara.fi\/sv\/wp-json\/wp\/v2\/comments?post=159"}],"version-history":[{"count":3,"href":"https:\/\/www.hinthaara.fi\/sv\/wp-json\/wp\/v2\/pages\/159\/revisions"}],"predecessor-version":[{"id":432,"href":"https:\/\/www.hinthaara.fi\/sv\/wp-json\/wp\/v2\/pages\/159\/revisions\/432"}],"wp:attachment":[{"href":"https:\/\/www.hinthaara.fi\/sv\/wp-json\/wp\/v2\/media?parent=159"}],"curies":[{"name":"wp","href":"https:\/\/api.w.org\/{rel}","templated":true}]}}