{"id":180,"date":"2015-01-05T21:51:31","date_gmt":"2015-01-05T19:51:31","guid":{"rendered":"http:\/\/www.itukylat.fi\/hinthaara\/?page_id=180"},"modified":"2015-01-05T21:51:31","modified_gmt":"2015-01-05T19:51:31","slug":"bokbussen","status":"publish","type":"page","link":"https:\/\/www.hinthaara.fi\/sv\/service\/bokbussen\/","title":{"rendered":"Bokbussen"},"content":{"rendered":"<p>Bokbussen k\u00f6r till omr\u00e5den som ligger l\u00e5ngt ifr\u00e5n eller har d\u00e5liga f\u00f6rbindelser till biblioteket. I Hindh\u00e5r stoppar busser Torsdagar, j\u00e4mna veckor.<\/p>\n<p><a href=\"http:\/\/www.porvoo.fi\/se\/service\/bibliotek\/bibliotek_och_oppettider\/bokbussen\" target=\"_blank\">Bokbussens tidtabell och skolturer<\/a><\/p>\n<p>Genom att reservera p\u00e5 f\u00f6rhand kan du f\u00e5 ett visst verk eller material om ett visst \u00e4mne till din egen h\u00e5llplats. Hela stadsbibliotekets best\u00e5nd st\u00e5r ocks\u00e5 till bokbusskundernas f\u00f6rfogande.<\/p>\n","protected":false},"excerpt":{"rendered":"<p>Bokbussen k\u00f6r till omr\u00e5den som ligger l\u00e5ngt ifr\u00e5n eller har d\u00e5liga f\u00f6rbindelser till biblioteket. I Hindh\u00e5r stoppar busser Torsdagar, j\u00e4mna veckor. Bokbussens tidtabell och skolturer Genom att reservera p\u00e5 f\u00f6rhand kan du f\u00e5 ett visst verk eller material om ett visst \u00e4mne till din egen h\u00e5llplats. Hela stadsbibliotekets best\u00e5nd st\u00e5r ocks\u00e5 till bokbusskundernas f\u00f6rfogande.<\/p>\n","protected":false},"author":33,"featured_media":0,"parent":154,"menu_order":1,"comment_status":"closed","ping_status":"closed","template":"","meta":{"footnotes":""},"class_list":["post-180","page","type-page","status-publish","hentry"],"_links":{"self":[{"href":"https:\/\/www.hinthaara.fi\/sv\/wp-json\/wp\/v2\/pages\/180","targetHints":{"allow":["GET"]}}],"collection":[{"href":"https:\/\/www.hinthaara.fi\/sv\/wp-json\/wp\/v2\/pages"}],"about":[{"href":"https:\/\/www.hinthaara.fi\/sv\/wp-json\/wp\/v2\/types\/page"}],"author":[{"embeddable":true,"href":"https:\/\/www.hinthaara.fi\/sv\/wp-json\/wp\/v2\/users\/33"}],"replies":[{"embeddable":true,"href":"https:\/\/www.hinthaara.fi\/sv\/wp-json\/wp\/v2\/comments?post=180"}],"version-history":[{"count":1,"href":"https:\/\/www.hinthaara.fi\/sv\/wp-json\/wp\/v2\/pages\/180\/revisions"}],"predecessor-version":[{"id":188,"href":"https:\/\/www.hinthaara.fi\/sv\/wp-json\/wp\/v2\/pages\/180\/revisions\/188"}],"up":[{"embeddable":true,"href":"https:\/\/www.hinthaara.fi\/sv\/wp-json\/wp\/v2\/pages\/154"}],"wp:attachment":[{"href":"https:\/\/www.hinthaara.fi\/sv\/wp-json\/wp\/v2\/media?parent=180"}],"curies":[{"name":"wp","href":"https:\/\/api.w.org\/{rel}","templated":true}]}}