{"id":198,"date":"2015-01-05T22:30:29","date_gmt":"2015-01-05T20:30:29","guid":{"rendered":"http:\/\/www.itukylat.fi\/hinthaara\/?page_id=198"},"modified":"2019-04-16T09:50:50","modified_gmt":"2019-04-16T06:50:50","slug":"hindhar-viri","status":"publish","type":"page","link":"https:\/\/www.hinthaara.fi\/sv\/foreningar\/hindhar-viri\/","title":{"rendered":"Hindh\u00e5r Viri"},"content":{"rendered":"<p><strong>Hindh\u00e5r Viri<\/strong><\/p>\n<p>Hindh\u00e5r Viri \u00e4r en idrottsf\u00f6rening som verkar i Borg\u00e5s tv\u00e5spr\u00e5kiga Hindh\u00e5r by samt \u00f6vriga n\u00e4rbyar. Viri \u00e4r grundad \u00e5r 1954 och den har i dagens l\u00e4ge \u00f6ver 300 aktiva medlemmar.<\/p>\n<p>Viris grenurval \u00e4r omfattande. Inom f\u00f6reningen sysslar man regelbundet med \u00e5tta olika idrottsgrenar. D\u00e4rtill har man ordnat uppvisningstillf\u00e4llen vars program inneh\u00e5llit \u00e4ven andra idrottsgrenar, s\u00e5 som t.ex motionstester. Sammarbetet med byarnas skolor och omr\u00e5dets andra icke idrottsreleterade f\u00f6reningar har varit intensivt.<\/p>\n<p>Deltagarna i Viris verksamhet \u00e4r i alla \u00e5ldrar och p\u00e5 olika niv\u00e5er; allt fr\u00e5n sm\u00e5barn till pension\u00e4rer och sporadiskt motionerande till m\u00e5linriktade h\u00e5rt tr\u00e4nande t\u00e4vlingsidrottare. F\u00f6rutom att st\u00e4rka det sportsliga kunnandet och den fysiska motionen och h\u00e4lsan \u00e4r f\u00f6reningens huvudm\u00e5l att \u00f6ka medlemmarnas gemenskap och erbjuda glad sportslig samh\u00f6righet.<\/p>\n<p>Styrelse-medlemmarnas kontaktinformation 2019:<\/p>\n<p>Ordf. Ville Lehtinen, vlehtinen@yahoo.com, 050 483 6656<br \/>\nVice Ordf.\/Sekr. Mikko Lundholm, mikko.lundholm@gmail.com, 040 533 1999<br \/>\nKass\u00f6r Pertti Bj\u00f6rn, pertti.bjorn at exdec.fi, 050 500 2555<br \/>\nMikko Nieminen, mikko.nieminen at dlc.fi, 019-545 115<br \/>\nHeidi Lindblad<br \/>\nAnnika Lindblad<br \/>\nAndreas Ahlfors<br \/>\nJuha Lempi\u00e4inen<\/p>\n<p>Vicemedlemmar: Sampo Vesterinen och Timo Hyt\u00f6nen<\/p>\n<p>Email hinthaaranviri@gmail.com<\/p>\n<p><strong>Medlemsavgift<\/strong><\/p>\n<p>Medlemsavgift fr\u00e5n och med den 1. maj 2019 \u00e4r 50 euro per person eller<br \/>\n60 euro per familj.<\/p>\n<p>Medlemsavgift betalas p\u00e5 konto<\/p>\n<p>OP FI59 5544 1040 0006 89,<\/p>\n<p>AKTIA FI 95 4055 0011 6744 43.<\/p>\n<p>Meddela ditt namn och adress i meddelande rutan.<\/p>\n<p>F\u00f6r mera information, v\u00e4nligen kontakta kass\u00f6ren.<\/p>\n","protected":false},"excerpt":{"rendered":"<p>Hindh\u00e5r Viri Hindh\u00e5r Viri \u00e4r en idrottsf\u00f6rening som verkar i Borg\u00e5s tv\u00e5spr\u00e5kiga Hindh\u00e5r by samt \u00f6vriga n\u00e4rbyar. Viri \u00e4r grundad \u00e5r 1954 och den har i dagens l\u00e4ge \u00f6ver 300 aktiva medlemmar. Viris grenurval \u00e4r omfattande. Inom f\u00f6reningen sysslar man regelbundet med \u00e5tta olika idrottsgrenar. D\u00e4rtill har man ordnat uppvisningstillf\u00e4llen vars program inneh\u00e5llit \u00e4ven andra [&hellip;]<\/p>\n","protected":false},"author":33,"featured_media":0,"parent":191,"menu_order":0,"comment_status":"closed","ping_status":"closed","template":"","meta":{"footnotes":""},"class_list":["post-198","page","type-page","status-publish","hentry"],"_links":{"self":[{"href":"https:\/\/www.hinthaara.fi\/sv\/wp-json\/wp\/v2\/pages\/198","targetHints":{"allow":["GET"]}}],"collection":[{"href":"https:\/\/www.hinthaara.fi\/sv\/wp-json\/wp\/v2\/pages"}],"about":[{"href":"https:\/\/www.hinthaara.fi\/sv\/wp-json\/wp\/v2\/types\/page"}],"author":[{"embeddable":true,"href":"https:\/\/www.hinthaara.fi\/sv\/wp-json\/wp\/v2\/users\/33"}],"replies":[{"embeddable":true,"href":"https:\/\/www.hinthaara.fi\/sv\/wp-json\/wp\/v2\/comments?post=198"}],"version-history":[{"count":4,"href":"https:\/\/www.hinthaara.fi\/sv\/wp-json\/wp\/v2\/pages\/198\/revisions"}],"predecessor-version":[{"id":948,"href":"https:\/\/www.hinthaara.fi\/sv\/wp-json\/wp\/v2\/pages\/198\/revisions\/948"}],"up":[{"embeddable":true,"href":"https:\/\/www.hinthaara.fi\/sv\/wp-json\/wp\/v2\/pages\/191"}],"wp:attachment":[{"href":"https:\/\/www.hinthaara.fi\/sv\/wp-json\/wp\/v2\/media?parent=198"}],"curies":[{"name":"wp","href":"https:\/\/api.w.org\/{rel}","templated":true}]}}