{"id":202,"date":"2015-01-05T22:36:37","date_gmt":"2015-01-05T20:36:37","guid":{"rendered":"http:\/\/www.itukylat.fi\/hinthaara\/?page_id=202"},"modified":"2024-04-24T21:24:31","modified_gmt":"2024-04-24T18:24:31","slug":"huf-ungdomsforeningen","status":"publish","type":"page","link":"https:\/\/www.hinthaara.fi\/sv\/foreningar\/huf-ungdomsforeningen\/","title":{"rendered":"HUF &#8211; Ungdomsf\u00f6reningen"},"content":{"rendered":"<p><strong>Hindh\u00e5r ungdomsf\u00f6rening rf (HUF)<\/strong> \u00e4r en allm\u00e4nnyttig f\u00f6rening vars fr\u00e4msta uppgift \u00e4r att utveckla och befr\u00e4mja gemenskapen mellan inv\u00e5narna i Hindh\u00e5r by. V\u00e5r viktigaste m\u00e5lgrupp \u00e4r barn och ungdom utan att gl\u00f6mma f\u00f6r\u00e4ldrar och mor- och farf\u00f6r\u00e4ldrar. V\u00e5rt m\u00e5l \u00e4r att f\u00f6ra samman alla \u00e5lders-, spr\u00e5k- och intressegrupper till gemensamma tillst\u00e4llningar som intresserar och gagnar s\u00e5 m\u00e5nga som m\u00f6jligt.<\/p>\n<p>HUF f\u00f6rvaltar \u00e4ven f\u00f6reningslokalen Hind\u00e5sa som finns p\u00e5 adressen Fallasv\u00e4gen 22. Hind\u00e5sa fungerar som en bas f\u00f6r f\u00f6reningsverksamheten i Hindh\u00e5r, med utrymme f\u00f6r alla slags tillst\u00e4llningar. Hind\u00e5sa hyrs \u00e4ven ut till andra f\u00f6reningar och privatpersoner. Man kan ordna f\u00f6delsedagskalas, br\u00f6llop och barnfester p\u00e5 lokalen som har plats f\u00f6r \u00e4ven st\u00f6rre s\u00e4llskap.<\/p>\n<p>Som medlem i Hindh\u00e5r ungdomsf\u00f6rening \u00e4r du med om att fr\u00e4mja gemenskapen i din egen hemby, samt att f\u00f6ra ett kulturarv vidare till kommande generationer. Medlemsantalet \u00e5r 2012 var 272 ordinarie medlemmar.<\/p>\n<p><a href=\"http:\/\/hindharuf.blogspot.fi\/\" target=\"_blank\" rel=\"noopener noreferrer\">HUF Aktuellt<\/a><\/p>\n<p><strong>HUF- Ungdomsf\u00f6reningen rf<br \/>\n<\/strong><\/p>\n<p>Styrelsen<\/p>\n<p>Ordf\u00f6rande:<br \/>\nCharlotte Holmberg<\/p>\n<p>Sekreterare:<br \/>\nRobert Nyholm,\u00a0040-5870987,\u00a0robert.nyholm@recair.fi<\/p>\n<p>Kass\u00f6r:<br \/>\nPia Bj\u00f6rkman<\/p>\n<p>Uthyrning av Hind\u00e5sa:<br \/>\nVaktm\u00e4stare: Frank Skog, 050-5522556<br \/>\nAdress: Fallasv\u00e4gen 22, HINDH\u00c5R<\/p>\n<p><a href=\"https:\/\/www.hinthaara.fi\/wp-content\/uploads\/sites\/28\/2024\/04\/Prislista-och-medlemsavgift-2024.pdf\" target=\"_blank\" rel=\"noopener\">Att hyra Hind\u00e5sa Prislista 2024<\/a><\/p>\n","protected":false},"excerpt":{"rendered":"<p>Hindh\u00e5r ungdomsf\u00f6rening rf (HUF) \u00e4r en allm\u00e4nnyttig f\u00f6rening vars fr\u00e4msta uppgift \u00e4r att utveckla och befr\u00e4mja gemenskapen mellan inv\u00e5narna i Hindh\u00e5r by. V\u00e5r viktigaste m\u00e5lgrupp \u00e4r barn och ungdom utan att gl\u00f6mma f\u00f6r\u00e4ldrar och mor- och farf\u00f6r\u00e4ldrar. V\u00e5rt m\u00e5l \u00e4r att f\u00f6ra samman alla \u00e5lders-, spr\u00e5k- och intressegrupper till gemensamma tillst\u00e4llningar som intresserar och gagnar [&hellip;]<\/p>\n","protected":false},"author":1,"featured_media":0,"parent":191,"menu_order":0,"comment_status":"closed","ping_status":"closed","template":"","meta":{"footnotes":""},"class_list":["post-202","page","type-page","status-publish","hentry"],"_links":{"self":[{"href":"https:\/\/www.hinthaara.fi\/sv\/wp-json\/wp\/v2\/pages\/202","targetHints":{"allow":["GET"]}}],"collection":[{"href":"https:\/\/www.hinthaara.fi\/sv\/wp-json\/wp\/v2\/pages"}],"about":[{"href":"https:\/\/www.hinthaara.fi\/sv\/wp-json\/wp\/v2\/types\/page"}],"author":[{"embeddable":true,"href":"https:\/\/www.hinthaara.fi\/sv\/wp-json\/wp\/v2\/users\/1"}],"replies":[{"embeddable":true,"href":"https:\/\/www.hinthaara.fi\/sv\/wp-json\/wp\/v2\/comments?post=202"}],"version-history":[{"count":10,"href":"https:\/\/www.hinthaara.fi\/sv\/wp-json\/wp\/v2\/pages\/202\/revisions"}],"predecessor-version":[{"id":1285,"href":"https:\/\/www.hinthaara.fi\/sv\/wp-json\/wp\/v2\/pages\/202\/revisions\/1285"}],"up":[{"embeddable":true,"href":"https:\/\/www.hinthaara.fi\/sv\/wp-json\/wp\/v2\/pages\/191"}],"wp:attachment":[{"href":"https:\/\/www.hinthaara.fi\/sv\/wp-json\/wp\/v2\/media?parent=202"}],"curies":[{"name":"wp","href":"https:\/\/api.w.org\/{rel}","templated":true}]}}