{"id":38,"date":"2014-06-16T16:28:36","date_gmt":"2014-06-16T13:28:36","guid":{"rendered":"http:\/\/www.itukylat.fi\/hinthaara\/?page_id=38"},"modified":"2015-01-18T12:56:00","modified_gmt":"2015-01-18T10:56:00","slug":"valkommen-till-hindhar","status":"publish","type":"page","link":"https:\/\/www.hinthaara.fi\/sv\/","title":{"rendered":"V\u00e4lkommen till Hindh\u00e5r!"},"content":{"rendered":"<p>Hindh\u00e5r \u00e4r en av Borg\u00e5s aktivaste byar. Byns hj\u00e4rta best\u00e5r av skolan, daghemmet, bybutiken, baren och de lokala f\u00f6retagen. H\u00e4r finns ocks\u00e5 idrotts- och musikhobby m\u00f6jligheter. Fr\u00e5n Hindh\u00e5r \u00e4r det endast 15 min med bil till Borg\u00e5 centrum och 45 min till Helsingfors. Va, h\u00f6rdes det ett t\u00e5gtjut? Ja, sommarl\u00f6rdagar anv\u00e4nds byns t\u00e5gbana av t\u00e5get L\u00e4tt\u00e4hattu.<\/p>\n<h2>Aktuellt<\/h2>\n<p>Hindh\u00e5r har f\u00e5tt nya web-sidor 15.1.2015. Tyv\u00e4rr \u00e4r den svenska delen inte \u00e4nnu f\u00e4rdig. Feedback om nya sidor? Kontakt oss: hinthaarankyla@gmail.com<\/p>\n","protected":false},"excerpt":{"rendered":"<p>Hindh\u00e5r \u00e4r en av Borg\u00e5s aktivaste byar. Byns hj\u00e4rta best\u00e5r av skolan, daghemmet, bybutiken, baren och de lokala f\u00f6retagen. H\u00e4r finns ocks\u00e5 idrotts- och musikhobby m\u00f6jligheter. Fr\u00e5n Hindh\u00e5r \u00e4r det endast 15 min med bil till Borg\u00e5 centrum och 45 min till Helsingfors. Va, h\u00f6rdes det ett t\u00e5gtjut? Ja, sommarl\u00f6rdagar anv\u00e4nds byns t\u00e5gbana av t\u00e5get [&hellip;]<\/p>\n","protected":false},"author":1,"featured_media":0,"parent":0,"menu_order":0,"comment_status":"closed","ping_status":"closed","template":"","meta":{"footnotes":""},"class_list":["post-38","page","type-page","status-publish","hentry"],"_links":{"self":[{"href":"https:\/\/www.hinthaara.fi\/sv\/wp-json\/wp\/v2\/pages\/38","targetHints":{"allow":["GET"]}}],"collection":[{"href":"https:\/\/www.hinthaara.fi\/sv\/wp-json\/wp\/v2\/pages"}],"about":[{"href":"https:\/\/www.hinthaara.fi\/sv\/wp-json\/wp\/v2\/types\/page"}],"author":[{"embeddable":true,"href":"https:\/\/www.hinthaara.fi\/sv\/wp-json\/wp\/v2\/users\/1"}],"replies":[{"embeddable":true,"href":"https:\/\/www.hinthaara.fi\/sv\/wp-json\/wp\/v2\/comments?post=38"}],"version-history":[{"count":3,"href":"https:\/\/www.hinthaara.fi\/sv\/wp-json\/wp\/v2\/pages\/38\/revisions"}],"predecessor-version":[{"id":446,"href":"https:\/\/www.hinthaara.fi\/sv\/wp-json\/wp\/v2\/pages\/38\/revisions\/446"}],"wp:attachment":[{"href":"https:\/\/www.hinthaara.fi\/sv\/wp-json\/wp\/v2\/media?parent=38"}],"curies":[{"name":"wp","href":"https:\/\/api.w.org\/{rel}","templated":true}]}}