{"id":692,"date":"2015-12-16T21:26:38","date_gmt":"2015-12-16T19:26:38","guid":{"rendered":"http:\/\/www.itukylat.fi\/hinthaara\/sv\/?page_id=692"},"modified":"2019-04-15T16:23:45","modified_gmt":"2019-04-15T13:23:45","slug":"hindhar-boe-fbk","status":"publish","type":"page","link":"https:\/\/www.hinthaara.fi\/sv\/foreningar\/hindhar-boe-fbk\/","title":{"rendered":"Hindh\u00e5r-Boe FBK"},"content":{"rendered":"<p>Hindh\u00e5r-Boe FBK \u00e4r en \u00e5r 1923 grundad ideell f\u00f6rening till vilken i f\u00f6rsta hand tillh\u00f6r sl\u00e4cknings- och r\u00e4ddningsverksamhet samt f\u00f6rebyggande verksamhet. Brandk\u00e5ren \u00e4r specialiserad p\u00e5 vattenf\u00f6rs\u00f6rjning och bek\u00e4mpning av oljeutsl\u00e4pp.<\/p>\n<p>Brandk\u00e5ren har ett sl\u00e4cknings- samt r\u00e4ddningsavtal med \u00d6stra Nylands r\u00e4ddningsverk. Brandk\u00e5ren \u00e4r bunden att rycka ut med en styrka p\u00e5 1 + 2 inom 10 minuter efter att larmet g\u00e5tt.<\/p>\n<p>Vi beh\u00f6ver kontinuerligt nya medlemmar till utryckningsavdelningen och d\u00e4rf\u00f6r \u00e4r de nya medlemmarna v\u00e4ldigt v\u00e4lkomna. Ifall du \u00e4r intresserad av frivillig brandk\u00e5rsverksamhet och \u00e4r minst 15 \u00e5r gammal, v\u00e4nligen ta kontakt med brandk\u00e5rschefen: Peter Bj\u00f6rkman, 040 842 1595.<\/p>\n<p><a href=\"https:\/\/www.hinthaara.fi\/wp-content\/uploads\/sites\/28\/2015\/12\/VPK-4044.jpg\" rel=\"attachment wp-att-689\"><br \/>\n<img loading=\"lazy\" decoding=\"async\" class=\"alignright size-medium wp-image-689\" src=\"https:\/\/www.hinthaara.fi\/wp-content\/uploads\/sites\/28\/2015\/12\/VPK-4044-300x169.jpg\" alt=\"VPK-4044\" width=\"300\" height=\"169\" srcset=\"https:\/\/www.hinthaara.fi\/wp-content\/uploads\/sites\/28\/2015\/12\/VPK-4044-300x169.jpg 300w, https:\/\/www.hinthaara.fi\/wp-content\/uploads\/sites\/28\/2015\/12\/VPK-4044-768x432.jpg 768w, https:\/\/www.hinthaara.fi\/wp-content\/uploads\/sites\/28\/2015\/12\/VPK-4044.jpg 960w\" sizes=\"auto, (max-width: 300px) 100vw, 300px\" \/><\/a><\/p>\n","protected":false},"excerpt":{"rendered":"<p>Hindh\u00e5r-Boe FBK \u00e4r en \u00e5r 1923 grundad ideell f\u00f6rening till vilken i f\u00f6rsta hand tillh\u00f6r sl\u00e4cknings- och r\u00e4ddningsverksamhet samt f\u00f6rebyggande verksamhet. Brandk\u00e5ren \u00e4r specialiserad p\u00e5 vattenf\u00f6rs\u00f6rjning och bek\u00e4mpning av oljeutsl\u00e4pp. Brandk\u00e5ren har ett sl\u00e4cknings- samt r\u00e4ddningsavtal med \u00d6stra Nylands r\u00e4ddningsverk. Brandk\u00e5ren \u00e4r bunden att rycka ut med en styrka p\u00e5 1 + 2 inom 10 [&hellip;]<\/p>\n","protected":false},"author":23,"featured_media":0,"parent":191,"menu_order":0,"comment_status":"closed","ping_status":"closed","template":"","meta":{"footnotes":""},"class_list":["post-692","page","type-page","status-publish","hentry"],"_links":{"self":[{"href":"https:\/\/www.hinthaara.fi\/sv\/wp-json\/wp\/v2\/pages\/692","targetHints":{"allow":["GET"]}}],"collection":[{"href":"https:\/\/www.hinthaara.fi\/sv\/wp-json\/wp\/v2\/pages"}],"about":[{"href":"https:\/\/www.hinthaara.fi\/sv\/wp-json\/wp\/v2\/types\/page"}],"author":[{"embeddable":true,"href":"https:\/\/www.hinthaara.fi\/sv\/wp-json\/wp\/v2\/users\/23"}],"replies":[{"embeddable":true,"href":"https:\/\/www.hinthaara.fi\/sv\/wp-json\/wp\/v2\/comments?post=692"}],"version-history":[{"count":2,"href":"https:\/\/www.hinthaara.fi\/sv\/wp-json\/wp\/v2\/pages\/692\/revisions"}],"predecessor-version":[{"id":941,"href":"https:\/\/www.hinthaara.fi\/sv\/wp-json\/wp\/v2\/pages\/692\/revisions\/941"}],"up":[{"embeddable":true,"href":"https:\/\/www.hinthaara.fi\/sv\/wp-json\/wp\/v2\/pages\/191"}],"wp:attachment":[{"href":"https:\/\/www.hinthaara.fi\/sv\/wp-json\/wp\/v2\/media?parent=692"}],"curies":[{"name":"wp","href":"https:\/\/api.w.org\/{rel}","templated":true}]}}